{"id":2,"date":"2014-02-17T09:35:23","date_gmt":"2014-02-17T09:35:23","guid":{"rendered":"https:\/\/www.tsl-logistik.net\/?page_id=2"},"modified":"2014-03-31T13:42:57","modified_gmt":"2014-03-31T13:42:57","slug":"home","status":"publish","type":"page","link":"https:\/\/www.tsl-logistik.net\/en\/","title":{"rendered":"Home"},"content":{"rendered":"<a class=\"circular-img\"><img loading=\"lazy\" decoding=\"async\" width=\"290\" height=\"290\" class=\"alignnone size-full wp-image-75\" alt=\"random image\" src=\"https:\/\/www.tsl-logistik.net\/wp-content\/uploads\/2014\/02\/random-image.png\" srcset=\"https:\/\/www.tsl-logistik.net\/wp-content\/uploads\/2014\/02\/random-image.png 290w, https:\/\/www.tsl-logistik.net\/wp-content\/uploads\/2014\/02\/random-image-150x150.png 150w, https:\/\/www.tsl-logistik.net\/wp-content\/uploads\/2014\/02\/random-image-125x125.png 125w\" sizes=\"(max-width: 290px) 100vw, 290px\" \/><\/a>\n<p class=\"lead\">&nbsp;<\/p>\n<h2 class=\" h2 text-center;\">TSL Textil-Service und Logistik \u2013 unser Name ist Programm.<\/h2>\n<p style=\"text-align: left;\">Unser Unternehmen bietet verl\u00e4ssliche und innovative Dienstleistungen rund um die Logistik und den Textil-Service, aber noch viel mehr \u2013 unser Fokus liegt \u00fcberall da, wo wir f\u00fcr unsere Kunden gewinnbringend t\u00e4tig sein k\u00f6nnen. Stammsitz von TSL Logistik ist Norderstedt bei Hamburg. Dort haben wir drei Niederlassungen, eine weitere in Kaltenkirchen. Die N\u00e4he zum Hafen Hamburg, dem Tor zur Welt, ist einer unserer Vorteile. Ware, die dort per Schiff ankommt, k\u00f6nnen wir innerhalb k\u00fcrzester Zeit per LKW zu einem unserer Logistikzentren bringen und dort f\u00fcr den Weitertransport vorbereiten und verteilen. Dieser schnelle Zugriff auf Ihre Ware, die wir dann z\u00fcgig f\u00fcr die weitere Verwendung durch die Zollabfertigung bringen, nach Bedarf neu sortieren und schnell wieder auf die Stra\u00dfe bef\u00f6rdern, ist eine zentrale St\u00e4rke von TSL Logistik.<\/p>\n<p style=\"text-align: left;\">Als international t\u00e4tige Logistikspezialisten k\u00f6nnen wir viel tun, um Ihr Gesch\u00e4ft gekonnt voranzubringen. Erfahren Sie mehr \u00fcber unser Komplettprogramm leistungsstarker Logistikmodule. Es bietet Ihnen genau die richtigen Wahlm\u00f6glichkeiten f\u00fcr ein Konzept nach Ma\u00df. Damit erhalten Sie genau die Dienstleistungen, die Ihr Supply Chain Management effizient unterst\u00fctzen.<\/p>\n<p>&nbsp;<\/p>\n<a class=\"circular-img\"><img loading=\"lazy\" decoding=\"async\" width=\"290\" height=\"290\" class=\"alignnone size-full wp-image-75\" alt=\"random image\" src=\"https:\/\/www.tsl-logistik.net\/wp-content\/uploads\/2014\/02\/random-image.png\" srcset=\"https:\/\/www.tsl-logistik.net\/wp-content\/uploads\/2014\/02\/random-image.png 290w, https:\/\/www.tsl-logistik.net\/wp-content\/uploads\/2014\/02\/random-image-150x150.png 150w, https:\/\/www.tsl-logistik.net\/wp-content\/uploads\/2014\/02\/random-image-125x125.png 125w\" sizes=\"(max-width: 290px) 100vw, 290px\" \/><\/a>\n<p>&nbsp;<\/p>\n<h2 class=\"h2 text-center\">Textil-Logistik \u2013 L\u00f6sungen nach Ma\u00df f\u00fcr einen reibungslosen Ablauf<\/h2>\n<p style=\"text-align: left;\">Ein zentraler Schwerpunkt und zugleich exemplarisches Beispiel f\u00fcr unsere Arbeit ist die Textillogistik. Sie beginnt auf der Beschaffungsseite bei Lieferanten auf der ganzen Welt. Wir sorgen daf\u00fcr, dass dort georderte Produkte p\u00fcnktlich, sicher und wirtschaftlich ihr Ziel im Inland oder Ausland erreichen \u2013 mit dem richtigen Transportkonzept, den richtigen Verkehrstr\u00e4gern und zuverl\u00e4ssig \u00fcber Grenzen hinweg.<\/p>\n<p>&nbsp;<\/p>\n<a class=\"circular-img\"><img loading=\"lazy\" decoding=\"async\" width=\"290\" height=\"290\" class=\"alignnone size-full wp-image-75\" alt=\"random image\" src=\"https:\/\/www.tsl-logistik.net\/wp-content\/uploads\/2014\/02\/random-image.png\" srcset=\"https:\/\/www.tsl-logistik.net\/wp-content\/uploads\/2014\/02\/random-image.png 290w, https:\/\/www.tsl-logistik.net\/wp-content\/uploads\/2014\/02\/random-image-150x150.png 150w, https:\/\/www.tsl-logistik.net\/wp-content\/uploads\/2014\/02\/random-image-125x125.png 125w\" sizes=\"(max-width: 290px) 100vw, 290px\" \/><\/a>\n<p>&nbsp;<\/p>\n<h2 class=\"h2 text-center\">Reibungslose und z\u00fcgige Zollabfertigung<\/h2>\n<p>&nbsp;<\/p>\n<p style=\"text-align: left;\">Durch lange Erfahrung bei der Zollabwicklung k\u00f6nnen wir Ihnen die passenden L\u00f6sungen f\u00fcr den reibungslosen Grenzverkehr Ihrer Warenstr\u00f6me bieten. Dazu geh\u00f6ren die kompetente Erledigung der Zollformalit\u00e4ten bei Import und Export, beim Transit und im Zolllager. So tr\u00e4gt die TSL wirkungsvoll dazu bei, internationale Verkehre ohne vermeidbare Zeitverluste abzuwickeln. Unverzichtbarer Background dabei: unsere hochleistungsf\u00e4higen IT-Systeme. Mit ihrer Hilfe sind unsere qualifizierten, erfahrenen Spezialisten besonders gut in der Lage, die ganze Palette geforderter Einzelleistungen sehr effizient und z\u00fcgig abzuarbeiten. \u00dcber von uns entwickelte IT-Schnittstellen ist Ihre firmeneigene EDV direkt mit unserem System verbunden \u2013 ein weiterer Garant f\u00fcr eine schnelle Abwicklung.<\/p>\n<p style=\"text-align: left;\">Importierte Waren gehen auf Kundenwunsch zun\u00e4chst oft in eines unserer Lager. Von dort k\u00f6nnen sie dann ganz nach Bedarf abgerufen werden. Kunden werden von der Vorhaltung eigener Lagerfl\u00e4chen, Equipment und Mitarbeiterkapazit\u00e4ten entsprechend entlastet. Sie profitieren au\u00dferdem von einer Reihe zus\u00e4tzlicher wertsteigernder Leistungen, die wir branchenspezifisch anbieten. Zum Beispiel werden Textilien von uns mit spezialisiertem Warehousing-Equipment vielf\u00e4ltig aufbereitet, konfektioniert und kommissioniert.<\/p>\n<p style=\"text-align: left;\">Sprechen Sie mit uns dar\u00fcber, was wir speziell f\u00fcr Ihre Anforderungen leisten k\u00f6nnen. Rufen Sie uns jetzt an oder schicken Sie uns eine E-Mail.<\/p>\n","protected":false},"excerpt":{"rendered":"<p>&nbsp; TSL Textil-Service und Logistik \u2013 unser Name ist Programm. Unser Unternehmen bietet verl\u00e4ssliche und innovative Dienstleistungen rund um die Logistik und den Textil-Service, aber noch viel mehr \u2013 unser Fokus liegt \u00fcberall da, wo wir f\u00fcr unsere Kunden gewinnbringend t\u00e4tig sein k\u00f6nnen. Stammsitz von TSL Logistik ist Norderstedt bei Hamburg. Dort haben wir drei&#8230;  <a href=\"https:\/\/www.tsl-logistik.net\/en\/\" class=\"more-link\" title=\"Read Home\">Read more &raquo;<\/a><\/p>\n","protected":false},"author":8,"featured_media":358,"parent":0,"menu_order":0,"comment_status":"open","ping_status":"closed","template":"page-homepage.php","meta":{"footnotes":""},"class_list":["post-2","page","type-page","status-publish","has-post-thumbnail","hentry"],"_links":{"self":[{"href":"https:\/\/www.tsl-logistik.net\/en\/wp-json\/wp\/v2\/pages\/2"}],"collection":[{"href":"https:\/\/www.tsl-logistik.net\/en\/wp-json\/wp\/v2\/pages"}],"about":[{"href":"https:\/\/www.tsl-logistik.net\/en\/wp-json\/wp\/v2\/types\/page"}],"author":[{"embeddable":true,"href":"https:\/\/www.tsl-logistik.net\/en\/wp-json\/wp\/v2\/users\/8"}],"replies":[{"embeddable":true,"href":"https:\/\/www.tsl-logistik.net\/en\/wp-json\/wp\/v2\/comments?post=2"}],"version-history":[{"count":4,"href":"https:\/\/www.tsl-logistik.net\/en\/wp-json\/wp\/v2\/pages\/2\/revisions"}],"predecessor-version":[{"id":361,"href":"https:\/\/www.tsl-logistik.net\/en\/wp-json\/wp\/v2\/pages\/2\/revisions\/361"}],"wp:featuredmedia":[{"embeddable":true,"href":"https:\/\/www.tsl-logistik.net\/en\/wp-json\/wp\/v2\/media\/358"}],"wp:attachment":[{"href":"https:\/\/www.tsl-logistik.net\/en\/wp-json\/wp\/v2\/media?parent=2"}],"curies":[{"name":"wp","href":"https:\/\/api.w.org\/{rel}","templated":true}]}}